{"id":9237,"date":"2024-05-08T09:20:20","date_gmt":"2024-05-08T09:20:20","guid":{"rendered":"https:\/\/painlesspymes.com\/contact\/"},"modified":"2026-01-03T18:38:25","modified_gmt":"2026-01-03T18:38:25","slug":"contact","status":"publish","type":"page","link":"https:\/\/painlesspymes.com\/en\/contact\/","title":{"rendered":"Contact"},"content":{"rendered":"\t\t<div data-elementor-type=\"wp-page\" data-elementor-id=\"9237\" class=\"elementor elementor-9237 elementor-130\">\n\t\t\t\t<div class=\"elementor-element elementor-element-4b0b020 e-flex e-con-boxed e-con e-parent\" data-id=\"4b0b020\" data-element_type=\"container\" data-e-type=\"container\">\n\t\t\t\t\t<div class=\"e-con-inner\">\n\t\t\t\t<div class=\"elementor-element elementor-element-b56d553 elementor-widget elementor-widget-ostech-contact-form\" data-id=\"b56d553\" data-element_type=\"widget\" data-e-type=\"widget\" data-widget_type=\"ostech-contact-form.default\">\n\t\t\t\t<div class=\"elementor-widget-container\">\n\t\t\t\t\t\t<section class=\"contact-one\">\r\n\t\t<div class=\"container\">\r\n\t\t\t<div class=\"row gutter-y-30\">\r\n\t\t\t\t<div class=\"col-lg-4\">\r\n\t\t\t\t\t<div class=\"contact-one__left\">\r\n\t\t\t\t\t\t<ul class=\"contact-one__list list-unstyled ml-0\">\r\n\t\t\t\t\t\t\t\t\t\t\t\t\t\t\t<li class=\"contact-one__list__item\">\r\n\t\t\t\t\t\t\t\t\t<div class=\"contact-one__list__icon\">\r\n\t\t\t\t\t\t\t\t\t\t<i aria-hidden=\"true\" class=\"icon-telephone\"><\/i>\t\t\t\t\t\t\t\t\t<\/div>\r\n\t\t\t\t\t\t\t\t\t<div class=\"contact-one__list__content\">\r\n\t\t\t\t\t\t\t\t\t\t<span class=\"contact-one__list__subtitle\">Have any question?<\/span>\r\n\t\t\t\t\t\t\t\t\t\t<p class=\"contact-one__list__action\">Free <a href=\"tel:+507-310-0477\">+507-310-0477<\/a><\/p>\r\n\t\t\t\t\t\t\t\t\t<\/div>\r\n\t\t\t\t\t\t\t\t<\/li>\r\n\t\t\t\t\t\t\t\t\t\t\t\t\t\t\t<li class=\"contact-one__list__item\">\r\n\t\t\t\t\t\t\t\t\t<div class=\"contact-one__list__icon\">\r\n\t\t\t\t\t\t\t\t\t\t<i aria-hidden=\"true\" class=\" icon-email2\"><\/i>\t\t\t\t\t\t\t\t\t<\/div>\r\n\t\t\t\t\t\t\t\t\t<div class=\"contact-one__list__content\">\r\n\t\t\t\t\t\t\t\t\t\t<span class=\"contact-one__list__subtitle\">Send Email<\/span>\r\n\t\t\t\t\t\t\t\t\t\t<p class=\"contact-one__list__action\"><a href=\"mailto:info@painlesspymes.com\">info@painlesspymes.com<\/a><\/p>\r\n\t\t\t\t\t\t\t\t\t<\/div>\r\n\t\t\t\t\t\t\t\t<\/li>\r\n\t\t\t\t\t\t\t\t\t\t\t\t\t\t\t<li class=\"contact-one__list__item\">\r\n\t\t\t\t\t\t\t\t\t<div class=\"contact-one__list__icon\">\r\n\t\t\t\t\t\t\t\t\t\t<i aria-hidden=\"true\" class=\" icon-Pin\"><\/i>\t\t\t\t\t\t\t\t\t<\/div>\r\n\t\t\t\t\t\t\t\t\t<div class=\"contact-one__list__content\">\r\n\t\t\t\t\t\t\t\t\t\t<span class=\"contact-one__list__subtitle\">Plaza Kenex Obarrio<\/span>\r\n\t\t\t\t\t\t\t\t\t\t<p class=\"contact-one__list__action\">9 Piso Ciudad de Panam\u00e1, Panam\u00e1.<\/p>\r\n\t\t\t\t\t\t\t\t\t<\/div>\r\n\t\t\t\t\t\t\t\t<\/li>\r\n\t\t\t\t\t\t\t\t\t\t\t\t\t<\/ul>\r\n\t\t\t\t\t\t<div class=\"contact-one__thumb\">\r\n\t\t\t\t\t\t\t<img decoding=\"async\" src=\"https:\/\/painlesspymes.com\/wp-content\/uploads\/2024\/05\/contact-1-1.png\" alt=\"contact-1-1\" title=\"contact-1-1\" >\t\t\t\t\t\t<\/div>\r\n\t\t\t\t\t<\/div>\r\n\t\t\t\t<\/div>\r\n\t\t\t\t<div class=\"col-lg-8\">\r\n\t\t\t\t\t<div class=\"contact-one__right\">\r\n\t\t\t\t\t\t<div class=\"contact-one__top\">\r\n\t\t\t\t\t\t\t<div class=\"sec-title wow fadeInUp\" data-wow-duration='1500ms' data-wow-delay='000ms'>\r\n\t\t\t\t\t\t\t\t<div class=\"d-flex align-items-center justify-content-start\">\r\n\t\t\t\t\t\t\t\t\t<img decoding=\"async\" src=\"https:\/\/painlesspymes.com\/wp-content\/uploads\/2025\/12\/image-7.png\" alt=\"image (7)\" title=\"image (7)\" class=\"sec-title__img\" >\t\t\t\t\t\t\t\t\t<h6 class=\"sec-title__tagline\">Solicite su diagn\u00f3stico gratuito hoy mismo.<\/h6>\t\t\t\t\t\t\t\t<\/div>\r\n\t\t\t\t\t\t\t\t<h3 class=\"sec-title__title\">Conversemos sobre c\u00f3mo eliminar los problemas tecnol\u00f3gicos de su empresa.<\/h3>\t\t\t\t\t\t\t<\/div>\r\n\t\t\t\t\t\t<\/div>\r\n\t\t\t\t\t\t<div class=\"contact-one__form contact-form-validated form-one background-base wow fadeInUp\" data-wow-duration=\"1500ms\">\r\n\t\t\t\t\t\t\t<div class=\"wpcf7 no-js\" id=\"wpcf7-f9351-o1\" lang=\"en-US\" dir=\"ltr\" data-wpcf7-id=\"9351\">\n<div class=\"screen-reader-response\"><p role=\"status\" aria-live=\"polite\" aria-atomic=\"true\"><\/p> <ul><\/ul><\/div>\n<form action=\"\/en\/wp-json\/wp\/v2\/pages\/9237#wpcf7-f9351-o1\" method=\"post\" class=\"wpcf7-form init\" aria-label=\"Contact form\" novalidate=\"novalidate\" data-status=\"init\">\n<fieldset class=\"hidden-fields-container\"><input type=\"hidden\" name=\"_wpcf7\" value=\"9351\" \/><input type=\"hidden\" name=\"_wpcf7_version\" value=\"6.1.5\" \/><input type=\"hidden\" name=\"_wpcf7_locale\" value=\"en_US\" \/><input type=\"hidden\" name=\"_wpcf7_unit_tag\" value=\"wpcf7-f9351-o1\" \/><input type=\"hidden\" name=\"_wpcf7_container_post\" value=\"0\" \/><input type=\"hidden\" name=\"_wpcf7_posted_data_hash\" value=\"\" \/>\n<\/fieldset>\n<div class=\"form-one__group\">\n    <div class=\"form-one__control\">\n  <span class=\"wpcf7-form-control-wrap\" data-name=\"text-770\"><input size=\"40\" maxlength=\"400\" class=\"wpcf7-form-control wpcf7-text wpcf7-validates-as-required\" aria-required=\"true\" aria-invalid=\"false\" placeholder=\"Your name\" value=\"\" type=\"text\" name=\"text-770\" \/><\/span>\n    <\/div><!-- \/.form-one__control  -->\n    <div class=\"form-one__control\">\n  <span class=\"wpcf7-form-control-wrap\" data-name=\"email-355\"><input size=\"40\" maxlength=\"400\" class=\"wpcf7-form-control wpcf7-email wpcf7-validates-as-required wpcf7-text wpcf7-validates-as-email\" aria-required=\"true\" aria-invalid=\"false\" placeholder=\"Email address\" value=\"\" type=\"email\" name=\"email-355\" \/><\/span>\n    <\/div><!-- \/.form-one__control -->\n    <div class=\"form-one__control \">\n  <span class=\"wpcf7-form-control-wrap\" data-name=\"text-771\"><input size=\"40\" maxlength=\"400\" class=\"wpcf7-form-control wpcf7-text wpcf7-validates-as-required\" aria-required=\"true\" aria-invalid=\"false\" placeholder=\"Phone\" value=\"\" type=\"text\" name=\"text-771\" \/><\/span>\n    <\/div><!-- \/.form-one__control  -->\n    <div class=\"form-one__control\">\n  <span class=\"wpcf7-form-control-wrap\" data-name=\"text-75\"><input size=\"40\" maxlength=\"400\" class=\"wpcf7-form-control wpcf7-text wpcf7-validates-as-required\" aria-required=\"true\" aria-invalid=\"false\" placeholder=\"Subject\" value=\"\" type=\"text\" name=\"text-75\" \/><\/span>\n    <\/div><!-- \/.form-one__control -->\n    <div class=\"form-one__control form-one__control--full\">\n  <span class=\"wpcf7-form-control-wrap\" data-name=\"textarea-620\"><textarea cols=\"40\" rows=\"10\" maxlength=\"2000\" class=\"wpcf7-form-control wpcf7-textarea wpcf7-validates-as-required\" aria-required=\"true\" aria-invalid=\"false\" placeholder=\"Write a message\" name=\"textarea-620\"><\/textarea><\/span>\n    <\/div><!-- \/.form-one__control -->\n    <div class=\"form-one__control form-one__control--full\">\n        <button type=\"submit\" class=\"ostech-btn ostech-btn--submite\">Send a Message<\/button>\n    <\/div><!-- \/.form-one__control -->\n<\/div><!-- \/.form-one__group --><div class=\"wpcf7-response-output\" aria-hidden=\"true\"><\/div>\n<\/form>\n<\/div>\t\t\t\t\t\t<\/div>\r\n\t\t\t\t\t<\/div>\r\n\t\t\t\t<\/div>\r\n\t\t\t<\/div>\r\n\t\t<\/div>\r\n\t<\/section>\r\n\r\n\t\t\t\t<\/div>\n\t\t\t\t<\/div>\n\t\t\t\t\t<\/div>\n\t\t\t\t<\/div>\n\t\t<div class=\"elementor-element elementor-element-71a7f34 e-con-full e-flex e-con e-parent\" data-id=\"71a7f34\" data-element_type=\"container\" data-e-type=\"container\">\n\t\t\t\t<div class=\"elementor-element elementor-element-7744c2a elementor-widget elementor-widget-ostech-google-maps\" data-id=\"7744c2a\" data-element_type=\"widget\" data-e-type=\"widget\" data-widget_type=\"ostech-google-maps.default\">\n\t\t\t\t<div class=\"elementor-widget-container\">\n\t\t\t\t\t\t\t<!--Google Map Two Start-->\r\n\t<section class=\"contact-map\">\r\n\t\t<div class=\"google-map google-map__contact\">\r\n\t\t\t<iframe src=\"https:\/\/maps.google.com\/maps?q=Plaza%20Kenex%20Obarrio%2C%209%20Piso%20Ciudad%20de%20Panam%C3%A1%2C%20Panam%C3%A1.&#038;t=m&#038;z=15&#038;output=embed&#038;iwloc=near\" title=\"Plaza Kenex Obarrio, 9 Piso Ciudad de Panam\u00e1, Panam\u00e1.\" class=\"template google map\" aria-label=\"Plaza Kenex Obarrio, 9 Piso Ciudad de Panam\u00e1, Panam\u00e1.\" allowfullscreen><\/iframe>\r\n\t\t<\/div>\r\n\t<\/section>\r\n\t<!--Google Map Two End-->\r\n\r\n\t\t\t\t<\/div>\n\t\t\t\t<\/div>\n\t\t\t\t<\/div>\n\t\t\t\t<\/div>\n\t\t","protected":false},"excerpt":{"rendered":"<p>Have any question? Free +507-310-0477 Send Email info@painlesspymes.com Plaza Kenex Obarrio 9 Piso Ciudad de Panam\u00e1, Panam\u00e1. Solicite su diagn\u00f3stico gratuito hoy mismo. Conversemos sobre c\u00f3mo eliminar los problemas tecnol\u00f3gicos de su empresa. Send a Message<\/p>\n","protected":false},"author":1,"featured_media":0,"parent":0,"menu_order":0,"comment_status":"closed","ping_status":"closed","template":"elementor_header_footer","meta":{"footnotes":""},"class_list":["post-9237","page","type-page","status-publish","hentry"],"_links":{"self":[{"href":"https:\/\/painlesspymes.com\/en\/wp-json\/wp\/v2\/pages\/9237","targetHints":{"allow":["GET"]}}],"collection":[{"href":"https:\/\/painlesspymes.com\/en\/wp-json\/wp\/v2\/pages"}],"about":[{"href":"https:\/\/painlesspymes.com\/en\/wp-json\/wp\/v2\/types\/page"}],"author":[{"embeddable":true,"href":"https:\/\/painlesspymes.com\/en\/wp-json\/wp\/v2\/users\/1"}],"replies":[{"embeddable":true,"href":"https:\/\/painlesspymes.com\/en\/wp-json\/wp\/v2\/comments?post=9237"}],"version-history":[{"count":5,"href":"https:\/\/painlesspymes.com\/en\/wp-json\/wp\/v2\/pages\/9237\/revisions"}],"predecessor-version":[{"id":9428,"href":"https:\/\/painlesspymes.com\/en\/wp-json\/wp\/v2\/pages\/9237\/revisions\/9428"}],"wp:attachment":[{"href":"https:\/\/painlesspymes.com\/en\/wp-json\/wp\/v2\/media?parent=9237"}],"curies":[{"name":"wp","href":"https:\/\/api.w.org\/{rel}","templated":true}]}}